{"id":4459,"date":"2017-01-20T13:09:52","date_gmt":"2017-01-20T13:09:52","guid":{"rendered":"https:\/\/xstore.8theme.com\/demos\/lawyer\/?page_id=4459"},"modified":"2026-02-27T21:23:09","modified_gmt":"2026-02-27T21:23:09","slug":"home","status":"publish","type":"page","link":"https:\/\/chirurgiegenerala.ro\/","title":{"rendered":"Home lawyer"},"content":{"rendered":"<div class=\"wpb-content-wrapper\"><p>[vc_row css=&#8221;.vc_custom_1485260870299{margin-bottom: 10vh !important;}&#8221;][vc_column]\n\t\t\t\t<p class=\"rs-p-wp-fix\"><\/p>\n\t\t\t\t<sr7-module data-alias=\"lawyer-slider\" data-id=\"1\" id=\"SR7_1_1\" class=\"rs-ov-hidden\" data-version=\"6.7.40\">\n\t\t\t\t\t<sr7-adjuster><\/sr7-adjuster>\n\t\t\t\t\t<sr7-content>\n\t\t\t\t\t\t<sr7-slide id=\"SR7_1_1-5\" data-key=\"5\">\n\t\t\t\t\t\t<\/sr7-slide>\n\t\t\t\t\t\t<sr7-slide id=\"SR7_1_1-4\" data-key=\"4\">\n\t\t\t\t\t\t\t<sr7-bg id=\"SR7_1_1-4-12\" class=\"sr7-layer\"><noscript><img decoding=\"async\" src=\"http:\/\/chirurgiegenerala.ro\/wp-content\/uploads\/2026\/01\/logo_make_11_06_2023_161-1.jpg\" alt=\"\" title=\"Interior view of operating room Generative AI\"><\/noscript><\/sr7-bg>\n\t\t\t\t\t\t\t<sr7-txt id=\"SR7_1_1-4-4\" class=\"sr7-layer\">Dr. Alexandru-Rare\u0219 STOIAN\n<br>\nMedic Primar Chirurgie General\u0103\n<br>\nAsistent Universitar,<br>Doctor \u00een Medicin\u0103.<\/sr7-txt>\n\t\t\t\t\t\t<\/sr7-slide>\n\t\t\t\t\t<\/sr7-content>\n\t\t\t\t\t<image_lists style=\"display:none\">\n\t\t\t\t\t\t<img data-src=\"\/\/chirurgiegenerala.ro\/wp-content\/uploads\/2026\/02\/WhatsApp-Image-2026-02-28-at-01.36.51-768x748.jpeg\" data-libid=\"6072\" data-lib=\"medialibrary\" width=\"0\" height=\"0\" data-dbsrc=\"Ly9jaGlydXJnaWVnZW5lcmFsYS5yby93cC1jb250ZW50L3VwbG9hZHMvMjAyNi8wMi9XaGF0c0FwcC1JbWFnZS0yMDI2LTAyLTI4LWF0LTAxLjM2LjUxLTc2OHg3NDguanBlZw==\"\/>\n\t\t\t\t\t\t<img data-src=\"\/\/chirurgiegenerala.ro\/wp-content\/uploads\/2017\/01\/slider-shadow.png\" data-libid=\"5619\" title=\"slider-shadow\" width=\"0\" height=\"0\" data-dbsrc=\"Ly9jaGlydXJnaWVnZW5lcmFsYS5yby93cC1jb250ZW50L3VwbG9hZHMvMjAxNy8wMS9zbGlkZXItc2hhZG93LnBuZw==\"\/>\n\t\t\t\t\t\t<img data-src=\"\/\/chirurgiegenerala.ro\/wp-content\/uploads\/2026\/01\/logo_make_11_06_2023_161-1.jpg\" data-libid=\"5950\" data-lib=\"medialibrary\" title=\"Interior view of operating room Generative AI\" width=\"0\" height=\"0\" data-dbsrc=\"Ly9jaGlydXJnaWVnZW5lcmFsYS5yby93cC1jb250ZW50L3VwbG9hZHMvMjAyNi8wMS9sb2dvX21ha2VfMTFfMDZfMjAyM18xNjEtMS5qcGc=\"\/>\n\t\t\t\t\t<\/image_lists>\n\t\t\t\t<\/sr7-module>\n\t\t\t\t<script>\n\t\t\t\t\tSR7.PMH ??={}; SR7.PMH[\"SR7_1_1\"] = {cn:100,state:false,fn: function() { if (_tpt!==undefined && _tpt.prepareModuleHeight !== undefined) {  _tpt.prepareModuleHeight({id:\"SR7_1_1\",el:[868,868,768,960,720],type:'hero',shdw:'0',gh:[868,868,768,960,720],gw:[1240,1240,1024,778,480],vpt:['-100px&#039;,&#039;-100px&#039;,&#039;-100px&#039;,&#039;-100px&#039;,&#039;-100px'],size:{fullWidth:true, fullHeight:true},fho:'',mh:'0',onh:140,onw:0,bg:{color:'{\"orig\":\"transparent\",\"type\":\"solid\",\"string\":\"transparent\"}'},plType:'4',plColor:'#d3994a'});   SR7.PMH[\"SR7_1_1\"].state=true;} else if(SR7.PMH[\"SR7_1_1\"].cn-->0)\tsetTimeout( SR7.PMH[\"SR7_1_1\"].fn,19);}};SR7.PMH[\"SR7_1_1\" ].fn();\n\t\t\t\t<\/script>\n[\/vc_column][\/vc_row][vc_row css=&#8221;.vc_custom_1485243696715{margin-bottom: 5vw !important;padding-bottom: 40px !important;}&#8221;][vc_column alignment=&#8221;center&#8221;][vc_single_image image=&#8221;5996&#8243; img_size=&#8221;&#8221; alignment=&#8221;center&#8221; css=&#8221;.vc_custom_1771063741379{margin-bottom: 0px !important;}&#8221;][vc_custom_heading text=&#8221;Medic primar Chirurgie generala<br \/>\nDr. Alexandru Rares Stoian&#8221; font_container=&#8221;tag:h2|font_size:46px|text_align:center|color:%23ffffff|line_height:53px&#8221; use_theme_fonts=&#8221;yes&#8221; css=&#8221;.vc_custom_1770532937955{margin-bottom: 0px !important;}&#8221;]        <link rel=\"stylesheet\" href=\"https:\/\/chirurgiegenerala.ro\/wp-content\/themes\/xstore\/css\/modules\/banners\/banners-global.min.css?ver=1.0\" type=\"text\/css\" media=\"all\" \/> \t\t        <link rel=\"stylesheet\" href=\"https:\/\/chirurgiegenerala.ro\/wp-content\/themes\/xstore\/css\/modules\/banners\/team-member.min.css?ver=1.0\" type=\"text\/css\" media=\"all\" \/> \t\t\n\t\t<div class=\"team-member  team-member-736 member-type-3 image-position-left et_image-with-hover et_image-hover-5\">\n\n\t        \n\t\t            <div class=\"member-image\">\n\t\t                <img loading=\"lazy\" loading=\"lazy\" decoding=\"async\" width=\"225\" height=\"300\" src=\"https:\/\/chirurgiegenerala.ro\/wp-content\/uploads\/xstore\/xstore-placeholder-300x300.png\" data-src=\"https:\/\/chirurgiegenerala.ro\/wp-content\/uploads\/2026\/02\/362733d2-f608-458d-91f6-2475cbb85eb9-225x300.jpg\" class=\" lazyload lazyload-simple et-lazyload-fadeIn\" alt=\"\" src=\"https:\/\/chirurgiegenerala.ro\/wp-content\/uploads\/xstore\/xstore-placeholder-300x300.png\" data-srcset=\"https:\/\/chirurgiegenerala.ro\/wp-content\/uploads\/2026\/02\/362733d2-f608-458d-91f6-2475cbb85eb9-225x300.jpg 225w, https:\/\/chirurgiegenerala.ro\/wp-content\/uploads\/2026\/02\/362733d2-f608-458d-91f6-2475cbb85eb9-768x1024.jpg 768w, https:\/\/chirurgiegenerala.ro\/wp-content\/uploads\/2026\/02\/362733d2-f608-458d-91f6-2475cbb85eb9-1152x1536.jpg 1152w, https:\/\/chirurgiegenerala.ro\/wp-content\/uploads\/2026\/02\/362733d2-f608-458d-91f6-2475cbb85eb9-1536x2048.jpg 1536w, https:\/\/chirurgiegenerala.ro\/wp-content\/uploads\/2026\/02\/362733d2-f608-458d-91f6-2475cbb85eb9-75x100.jpg 75w, https:\/\/chirurgiegenerala.ro\/wp-content\/uploads\/2026\/02\/362733d2-f608-458d-91f6-2475cbb85eb9-600x800.jpg 600w, https:\/\/chirurgiegenerala.ro\/wp-content\/uploads\/2026\/02\/362733d2-f608-458d-91f6-2475cbb85eb9-1x1.jpg 1w, https:\/\/chirurgiegenerala.ro\/wp-content\/uploads\/2026\/02\/362733d2-f608-458d-91f6-2475cbb85eb9-8x10.jpg 8w, https:\/\/chirurgiegenerala.ro\/wp-content\/uploads\/2026\/02\/362733d2-f608-458d-91f6-2475cbb85eb9.jpg 1200w\" data-sizes=\"(max-width: 225px) 100vw, 225px\" \/>\t\t                <div class=\"member-content\">\n\t\t                    \n        <div class=\"et-follow-buttons buttons-size-normal justify-content-center follow-499\">\n\n            \n        <\/div>\n\n        \t\t                <\/div>\n\t\t            <\/div>\n\n\t            \t<div class=\"clear\"><\/div>\n\n\t            \n\t\t\t        <div class=\"member-details text-center\">\n\n\t\t\t        \t<h4 class=\"member-name\">Dr. Alexandru-Rare\u0219 STOIAN<br \/>Medic Primar Chirurgie General\u0103<br \/>Asistent Universitar,<br \/>Doctor \u00een Medicin\u0103.<\/h4><div class=\"member-content\"><\/div>\n\t\t\t    \t<\/div>\n\n\t\t        \n\t   \t<\/div>\n\n\t    [\/vc_column][\/vc_row][vc_row css=&#8221;.vc_custom_1485244125196{margin-bottom: 4vw !important;}&#8221;][vc_column alignment=&#8221;center&#8221;][vc_separator color=&#8221;blue&#8221; style=&#8221;shadow&#8221; border_width=&#8221;2&#8243; css=&#8221;&#8221;][vc_single_image image=&#8221;5996&#8243; img_size=&#8221;&#8221; alignment=&#8221;center&#8221; css=&#8221;.vc_custom_1770532915536{margin-bottom: 0px !important;}&#8221;][vc_custom_heading text=&#8221;ACTIVITATE PROFESIONALA&#8221; font_container=&#8221;tag:h2|font_size:46px|text_align:center|color:%2362AEFF|line_height:53px&#8221; use_theme_fonts=&#8221;yes&#8221; css=&#8221;&#8221;][vc_separator color=&#8221;blue&#8221; style=&#8221;shadow&#8221; border_width=&#8221;2&#8243; css=&#8221;&#8221;][vc_column_text css_animation=&#8221;left-to-right&#8221; css=&#8221;.vc_custom_1772101342866{border-radius: 4px !important;border-color: #5FCBE5 !important;}&#8221;]<\/p>\n<h3 style=\"text-align: left;\">Dr. Alexandru-Rare\u0219 Stoian este Medic Primar Chirurgie General\u0103, Asistent Universitar la Universitatea de Medicin\u0103 \u0219i Farmacie \u201eCarol Davila\u201d din Bucure\u0219ti \u2013 fiind implicat constant \u00een formarea viitoarelor genera\u021bii de medici, cu peste 15 ani de experien\u021b\u0103 clinic\u0103 \u0219i academic\u0103 \u00een domeniul chirurgiei generale \u0219i laparoscopice. Activeaz\u0103 atat \u00een sistemul sanitar de stat la Spitalul Clinic de Urgenta \u201cBagdasar-Arseni\u201d, cat si in sistemul privat de sanatate la Spitalului Memorial Baneasa. Cu o solid\u0103 preg\u0103tire profesional\u0103, completat\u0103 de titlul de Doctor \u00een Medicin\u0103, Dr. Alexandru-Rare\u0219 Stoian are competen\u021be \u00een chirurgie general\u0103 \u0219i chirurgie laparoscopic\u0103 \u2013 tehnici avansate, precum \u0219i \u00een aplicarea standardelor de bun\u0103 practic\u0103 clinic\u0103 (ICH-GCP). Este membru activ al unor prestigioase societ\u0103\u021bi profesionale na\u021bionale \u0219i interna\u021bionale \u0219i are o activitate \u0219tiin\u021bific\u0103 remarcabil\u0103, concretizat\u0103 \u00een articole publicate, capitole de carte \u0219i numeroase comunic\u0103ri la manifest\u0103ri \u0219tiin\u021bifice din \u021bar\u0103 \u0219i din str\u0103in\u0103tate.<br \/>\nDe-a lungul carierei, a urmat cursuri de perfec\u021bionare \u00een endoscopie digestiv\u0103 \u0219i management spitalicesc \u0219i este implicat activ \u00een domeniul calit\u0103\u021bii serviciilor medicale, av\u00e2nd certific\u0103ri de auditor \u0219i formator \u00een domeniul sanitar.<\/h3>\n<p>[\/vc_column_text][vc_column_text css=&#8221;&#8221;][\/vc_column_text][\/vc_column][\/vc_row][vc_row css=&#8221;.vc_custom_1485260870299{margin-bottom: 10vh !important;}&#8221;][vc_column]\n\t\t\t\t<p class=\"rs-p-wp-fix\"><\/p>\n\t\t\t\t<sr7-module data-alias=\"slider-2\" data-id=\"3\" id=\"SR7_3_2\" class=\"rs-ov-hidden\" data-version=\"6.7.40\">\n\t\t\t\t\t<sr7-adjuster><\/sr7-adjuster>\n\t\t\t\t\t<sr7-content>\n\t\t\t\t\t\t<sr7-slide id=\"SR7_3_2-8\" data-key=\"8\">\n\t\t\t\t\t\t\t<sr7-bg id=\"SR7_3_2-8-1\" class=\"sr7-layer\"><noscript><img decoding=\"async\" src=\"http:\/\/chirurgiegenerala.ro\/wp-content\/uploads\/2026\/02\/76f76287-fdeb-4755-b913-42ab4c6132ed.jpg\" alt=\"\" title=\"\"><\/noscript><\/sr7-bg>\n\t\t\t\t\t\t<\/sr7-slide>\n\t\t\t\t\t\t<sr7-slide id=\"SR7_3_2-9\" data-key=\"9\">\n\t\t\t\t\t\t<\/sr7-slide>\n\t\t\t\t\t<\/sr7-content>\n\t\t\t\t\t<image_lists style=\"display:none\">\n\t\t\t\t\t\t<img loading=\"lazy\" data-src=\"\/\/chirurgiegenerala.ro\/wp-content\/uploads\/2026\/02\/76f76287-fdeb-4755-b913-42ab4c6132ed.jpg\" data-libid=\"6034\" data-lib=\"medialibrary\" width=\"0\" height=\"0\" data-dbsrc=\"Ly9jaGlydXJnaWVnZW5lcmFsYS5yby93cC1jb250ZW50L3VwbG9hZHMvMjAyNi8wMi83NmY3NjI4Ny1mZGViLTQ3NTUtYjkxMy00MmFiNGM2MTMyZWQuanBn\"\/>\n\t\t\t\t\t<\/image_lists>\n\t\t\t\t<\/sr7-module>\n\t\t\t\t<script>\n\t\t\t\t\tSR7.PMH ??={}; SR7.PMH[\"SR7_3_2\"] = {cn:100,state:false,fn: function() { if (_tpt!==undefined && _tpt.prepareModuleHeight !== undefined) {  _tpt.prepareModuleHeight({id:\"SR7_3_2\",el:[900,900,768,960,720],type:'standard',shdw:'0',gh:[900,900,743,565,349],gw:[1240,1240,1024,778,480],vpt:['-100px'],size:{fullWidth:true, fullHeight:false},mh:'0',onh:0,onw:0,bg:{color:'{\"orig\":\"transparent\",\"type\":\"solid\",\"string\":\"transparent\"}'}});   SR7.PMH[\"SR7_3_2\"].state=true;} else if(SR7.PMH[\"SR7_3_2\"].cn-->0)\tsetTimeout( SR7.PMH[\"SR7_3_2\"].fn,19);}};SR7.PMH[\"SR7_3_2\" ].fn();\n\t\t\t\t<\/script>\n[\/vc_column][\/vc_row][vc_row css=&#8221;.vc_custom_1770532875914{margin-bottom: 0px !important;}&#8221; _et_uniqid=&#8221;et_custom_uniqid_new_698830060f5dc&#8221;][vc_column alignment=&#8221;center&#8221;][vc_single_image image=&#8221;5996&#8243; img_size=&#8221;&#8221; alignment=&#8221;center&#8221; css=&#8221;.vc_custom_1770532689932{margin-bottom: 0px !important;}&#8221;][vc_custom_heading text=&#8221;EXPERIEN\u021a\u0102 PROFESIONAL\u0102&#8221; font_container=&#8221;tag:h2|font_size:46px|text_align:center|color:%2362AEFF|line_height:53px&#8221; use_theme_fonts=&#8221;yes&#8221; css=&#8221;&#8221;][vc_separator color=&#8221;blue&#8221; style=&#8221;shadow&#8221; border_width=&#8221;2&#8243; css=&#8221;&#8221;][vc_column_text css_animation=&#8221;left-to-right&#8221; css=&#8221;.vc_custom_1771062956012{margin-bottom: 0px !important;}&#8221;]<\/p>\n<h3>Iulie 2020 \u2013 prezent<br \/>\nMedic primar chirurgie generala (OMS nr. 1541\/03.09.2020, eliberat la data 07.09.2020 cu seria P1 nr. 020672)<br \/>\n2013 \u2013 Iulie 2020<br \/>\nMedic specialist chirurgie general\u0103 (OMS nr. 1283\/2012, eliberat la data 20.12.2012 cu nr. 14177)<br \/>\nSpitalul Clinic de Urgen\u021b\u0103 Bagdasar-Arseni, \u0218os. Berceni, Nr. 10-12, Sector 4, Bucure\u0219ti<br \/>\nChirurgie general\u0103 \/ Chirurgie laparoscopica<br \/>\n2010 \u2013 prezent<br \/>\nMedic colaborator \u2013 Medic rezident \/ specialist \/ primar chirurgie generala<br \/>\nChirurgie generala \/ Chirurgie laparoscopica<br \/>\nCentrul Medical Unirea \u2013 Regina Maria Reteaua Privata de Sanatate, Centrul Comercial Sun Plaza \/ Spitalul Euroclinic<br \/>\nConsultatii si interventii chirurgicale in sfera chirurgiei generale \/ chirurgiei laparoscopice<br \/>\nOctombrie 2024 \u2013 prezent<br \/>\nMedic colaborator \u2013 Medic primar chirurgie generala<br \/>\nChirurgie generala \/ Chirurgie laparoscopica<br \/>\nSpital Nord \u2013 Bd. Dimitrie Pompeiu nr. 9-9A, Cl\u0103direa 18, Sector 2, Bucure\u0219ti<br \/>\nConsultatii si interventii chirurgicale in sfera chirurgiei generale \/ chirurgiei laparoscopice; activitate de permanenta \u2013 garda<br \/>\nDecembrie 2025 \u2013 prezent<br \/>\nMedic colaborator \u2013 Medic primar chirurgie generala<br \/>\nChirurgie generala \/ Chirurgie laparoscopica<br \/>\nMemorial Hospital \u2013 \u0218os. Gheorghe Ionescu Sise\u0219ti Nr.8A, Sect.1, Bucure\u0219ti, Rom\u00e2nia.<br \/>\nConsultatii si interventii chirurgicale in sfera chirurgiei generale \/ chirurgiei laparoscopice; activitate de permanenta \u2013 garda<br \/>\nMartie 2015 \u2013 Iunie 2017<br \/>\nMedic specialist chirurgie generala<br \/>\nConsultatii medicale la domiciliu<br \/>\nClinica Medicala Hipocrat 2000 \u2013 B-dul Chisinau nr 16, bl M7, sc1, ap 1, sector 2, Bucuresti<br \/>\nAsistenta Medicala la Domiciliu (AMD) in colaborare cu Serviciul de Ambulanta Bucuresti-Ilfov (SABIF)<br \/>\nNoiembrie 2017 \u2013 Noiembrie 2024<br \/>\nMedic colaborator \u2013 Medic specialist \/ primar chirurgie generala<br \/>\nChirurgie generala<br \/>\nSpital Municipal Oltenita, Str Argesului nr. 134, localitate Oltenita, judet Calarasi<br \/>\nConsultatii si interventii chirurgicale in sfera chirurgiei generale; activitate de permanenta \u2013 garda<br \/>\nIanuarie 2018 \u2013 Decembrie 2021<br \/>\nMedic colaborator \u2013 Medic specialist \/ primar chirurgie generala<br \/>\nChirurgie generala \/ Chirurgie laparoscopica<br \/>\nClinica Sanador \/ Spital Clinic Sanador \u2013 Calea Buze\u0219ti, nr 74, sector 1 \/ Str. Sevastopol nr. 9, sector 1, Bucure\u0219ti<br \/>\nConsultatii si interventii chirurgicale in sfera chirurgiei generale \/ chirurgiei laparoscopice<br \/>\n2006 \u2013 2012<br \/>\nMedic rezident chirurgie general\u0103 (OMS nr. 1334\/02.11.2006)<br \/>\nCentrul Universitar Bucure\u015fti<br \/>\nChirurgie general\u0103<\/h3>\n<p>[\/vc_column_text][vc_column_text css=&#8221;&#8221;][\/vc_column_text][vc_separator color=&#8221;blue&#8221; style=&#8221;shadow&#8221; border_width=&#8221;2&#8243; css=&#8221;&#8221;][\/vc_column][\/vc_row][vc_row css=&#8221;.vc_custom_1770532829188{margin-bottom: 0px !important;}&#8221; _et_uniqid=&#8221;et_custom_uniqid_new_69882fd5aabfb&#8221;][vc_column alignment=&#8221;center&#8221;][vc_single_image image=&#8221;5996&#8243; img_size=&#8221;&#8221; alignment=&#8221;center&#8221; css=&#8221;&#8221;][vc_custom_heading text=&#8221;COMPETEN\u021aE \u0218I ARII DE EXPERTIZ\u0102&#8221; font_container=&#8221;tag:h2|font_size:46px|text_align:center|color:%2362AEFF|line_height:53px&#8221; use_theme_fonts=&#8221;yes&#8221; css=&#8221;&#8221;][vc_separator color=&#8221;blue&#8221; style=&#8221;shadow&#8221; border_width=&#8221;2&#8243; css=&#8221;&#8221;][vc_column_text css_animation=&#8221;left-to-right&#8221; css=&#8221;.vc_custom_1771062791729{margin-bottom: 0px !important;}&#8221;]<\/p>\n<h3>Chirurgie general\u0103<br \/>\nChirurgie laparoscopic\u0103 \u2013 tehnici avansate<br \/>\nCoordonator prelevare \u0219i transplant de organe<br \/>\nICH Good Clinical Practice for Clinical Trials Sites<br \/>\nManagement sanitar<br \/>\nManagementul resurselor umane<br \/>\nEtica \u0219i conduita organiza\u021bional\u0103<br \/>\nCompeten\u021b\u0103 pedagogie medical\u0103<\/h3>\n<h3>Absolvent Curs Pedagogie Medicala \u2013 Universitatea de Medicina si Farmacie \u201eCarol Davila\u201d, Bucuresti (certificat seria I nr 0003063; eliberat la data 11.03.2014 cu nr 3063)<br \/>\nAbsolvent Curs \u201eEndoscopie Digestiva Diagnostica\u201d cod 25 M \u2013 Universitatea de Medicina si Farmacie \u201eCarol Davila\u201d, Bucuresti in perioada 04.02.2019 \u2013 15.03.2019<br \/>\nAbsolvent primul curs \u201adin Romania \u201a\u2019\u2019TRANPLANT PROCUREMENT MANAGEMENT(TP) 02-04-06.2025 SIBIU<br \/>\nAbsolvent Curs Managementul Serviciilor de Sanatate 2025 (certificat seria MSS nr 1130, eliberat la 18.12.2025)<br \/>\n\u2060Absolvent Curs Managementul Resurselor Umane \u00een S\u0103n\u0103tate 2025 (certificat seria MRU nr 1063, eliberat la 18.12.2025)<br \/>\n\u2060Absolvent Curs Etic\u0103 si Integritate \u00een Sistemul de Sanatate (certificat seria EI nr 6558, eliberat la 16.12.2025)<br \/>\nManagement spitalicesc (certificat de absolvire Nr. 473 \/ 22.05.2019, Seria MS Nr. 0511, al Ministerului Sanatatii \u2013 Scoala Nationala de Sanatate Publica, Management si Perfectionare in Domeniul Sanitar, Bucuresti)<\/h3>\n<p>[\/vc_column_text][vc_column_text css=&#8221;.vc_custom_1770532716571{margin-bottom: 0px !important;}&#8221;][\/vc_column_text][vc_separator color=&#8221;blue&#8221; style=&#8221;shadow&#8221; border_width=&#8221;2&#8243; css=&#8221;&#8221;][\/vc_column][\/vc_row][vc_row css=&#8221;.vc_custom_1770532734174{margin-bottom: 0px !important;}&#8221; _et_uniqid=&#8221;et_custom_uniqid_new_69882f7900e4a&#8221;][vc_column alignment=&#8221;center&#8221;][vc_single_image image=&#8221;5996&#8243; img_size=&#8221;&#8221; alignment=&#8221;center&#8221; css=&#8221;&#8221;][vc_custom_heading text=&#8221;ACTIVITATEA DIDACTIC\u0102&#8221; font_container=&#8221;tag:h2|font_size:46px|text_align:center|color:%2362AEFF|line_height:53px&#8221; use_theme_fonts=&#8221;yes&#8221; css=&#8221;&#8221;][vc_separator color=&#8221;blue&#8221; style=&#8221;shadow&#8221; border_width=&#8221;2&#8243; css=&#8221;&#8221;][vc_column_text css_animation=&#8221;bottom-to-top&#8221; css=&#8221;&#8221;]<\/p>\n<h3 style=\"text-align: center;\"><em><strong>2014 &#8211; prezent<\/strong><\/em><br \/>\nAsistent Universitar Chirurgie Generala conform Decizia Rector UMF \u201eCarol Davila\u201d Nr. 22083 din 26 August 2014<br \/>\n<em><strong>2006 &#8211; 2014<\/strong><\/em><br \/>\nPreparator Universitar Chirurgie General\u0103 conform Decizia Rector UMF \u201eCarol Davila\u201d Nr. 10361 din\u00a0 10 Octombrie 2006<br \/>\nCatedra de Chirurgie General\u0103, Spitalul Clinic de Urgen\u021b\u0103 Bagdasar-Arseni, Bucure\u0219ti<br \/>\nUniversitatea de Medicin\u0103 \u0219i Farmacie \u201eCarol Davila\u201d, Bucure\u0219ti<\/h3>\n<p>[\/vc_column_text][vc_separator color=&#8221;blue&#8221; style=&#8221;shadow&#8221; border_width=&#8221;2&#8243; css=&#8221;&#8221;][vc_column_text css=&#8221;&#8221;][\/vc_column_text][\/vc_column][\/vc_row][vc_row css=&#8221;.vc_custom_1770532784294{margin-bottom: 0px !important;}&#8221; _et_uniqid=&#8221;et_custom_uniqid_new_69882fa4121ca&#8221;][vc_column alignment=&#8221;center&#8221;][vc_single_image image=&#8221;5996&#8243; img_size=&#8221;&#8221; alignment=&#8221;center&#8221; css=&#8221;&#8221;][vc_custom_heading text=&#8221;Aptitudini \u015fi competen\u0163e personale&#8221; font_container=&#8221;tag:h2|font_size:46px|text_align:center|color:%2362AEFF|line_height:53px&#8221; use_theme_fonts=&#8221;yes&#8221; css=&#8221;&#8221;][vc_separator color=&#8221;blue&#8221; style=&#8221;shadow&#8221; border_width=&#8221;2&#8243; css=&#8221;&#8221;][vc_column_text css_animation=&#8221;bottom-to-top&#8221; css=&#8221;&#8221;]<\/p>\n<h3>Membru al asocia\u021biilor profesionale:<br \/>\n\u2022 Colegiul Medicilor din Bucure\u0219ti<br \/>\n\u2022 Societatea Rom\u00e2n\u0103 de Chirurgie<br \/>\n\u2022 Asocia\u021bia Rom\u00e2n\u0103 de Chirurgie Endoscopic\u0103 (ARCE)<br \/>\n\u2022 European Association of Transluminal Surgery (EATS)<br \/>\n\u2022 World Federation for NeuroRehabilitation (WFNR)<br \/>\n\u2022 Societatea Rom\u00e2n\u0103 de NeuroReabilitare (RoSNeRa)<br \/>\nMembru \u00een comitetele de organizare pentru:<br \/>\n\u2022 Conferin\u021ba interdisciplinar\u0103 \u201eZilele medicale severinene\u201d \u2013 edi\u021bia a 2-a, 15-17 aprilie 2010, Drobeta-Turnu Severin, Rom\u00e2nia<br \/>\nMembru in Comitetul Stiintific pentru:<br \/>\n\u25cf Conferin\u021ba interdisciplinar\u0103 \u201eZilele medicale severinene\u201d \u2013 edi\u021bia a 8-a, Aprilie 2016, Drobeta-Turnu Severin, Rom\u00e2nia<\/h3>\n<h3>Membru \u00een comisii:<br \/>\n\u2022 Secretarul Comisiei la Examenul de Specialitate Chirurgie General\u0103 &#8211; sesiunea martie 2011<br \/>\n\u2022 Secretarul Comisiei ocupare post medic de specialitate boli infectioase Spitalul Clinic de Urgenta \u201eBagdasar-Arseni\u201d \u2013 2022<br \/>\n\u2022 Secretarul Comisiei ocupare post medic de specialitate ginecologie Spitalul Clinic de Urgenta \u201eBagdasar-Arseni\u201d \u2013 2022<br \/>\n\u2022<br \/>\nCompeten\u021be \u00een:<br \/>\n\u2022 Chirurgie general\u0103<br \/>\n\u2022 Chirurgie laparoscopic\u0103 \u2013 nivel II Tehnici Avansate (Atestat de Studii Complementare seria C nr 059690, sesiunea 15 Mai 2025)<br \/>\n\u2022 ICH Good Clinical Practice for Clinical Trials Sites (certificat de absolvire iunie 2013)<\/h3>\n<h3>Noiembrie 2022 &#8211; prezent<br \/>\nMembru Titular Consiliul de Administratie al Spitalului Clinic de Urgenta \u201eBagdasar-Arseni\u201d reprezentand Universitatea de Medicina si Farmacie \u201eCarol Davila\u201d (Decizie Rector nr. 4853 din 24 Noiembrie 2022)<\/h3>\n<h3>2017 \u2013 prezent<br \/>\nMedic Coordonator al Blocului Operator al Spitalului Clinic de Urgen\u0163\u0103 \u201eBagdasar-Arseni\u201d<\/h3>\n<h3>2017 \u2013 Mai 2020<br \/>\nMedic Coordonator Statia de Sterilizare a Spitalului Clinic de Urgenta \u201eBagdasar-Arseni\u201d<\/h3>\n<h3>Noiembrie 2024 &#8211; prezent<br \/>\nMedic Coordonator Transplant Spitalul Clinic de Urgenta \u201eBagdasar-Arseni\u201d (Decizie Manager nr. 901 \/ 26.11.2024)<\/h3>\n<p>[\/vc_column_text][vc_column_text css=&#8221;&#8221;][\/vc_column_text][vc_separator color=&#8221;blue&#8221; style=&#8221;shadow&#8221; border_width=&#8221;2&#8243; css=&#8221;&#8221;][\/vc_column][\/vc_row][vc_row css=&#8221;.vc_custom_1770532759759{margin-top: 2vw !important;margin-bottom: 0px !important;}&#8221; _et_uniqid=&#8221;et_custom_uniqid_new_69882f9223495&#8243;][vc_column alignment=&#8221;center&#8221;][vc_single_image image=&#8221;5996&#8243; img_size=&#8221;&#8221; alignment=&#8221;center&#8221; css=&#8221;.vc_custom_1770532747746{margin-bottom: 0px !important;}&#8221;][vc_custom_heading text=&#8221;ACTIVITATE \u0218TIIN\u021aIFIC\u0102&#8221; font_container=&#8221;tag:h2|font_size:46px|text_align:center|color:%2362AEFF|line_height:53px&#8221; use_theme_fonts=&#8221;yes&#8221; css=&#8221;&#8221;][vc_separator color=&#8221;blue&#8221; style=&#8221;shadow&#8221; border_width=&#8221;2&#8243; css=&#8221;&#8221;][vc_column_text css=&#8221;&#8221;]<\/p>\n<h3><span style=\"color: #62aeff;\">Peste 35 de articole cu factor de impact in reviste nationale si internationale&lt;<\/span><\/h3>\n<h3><span style=\"color: #62aeff;\">2 capitole de carte<\/span><\/h3>\n<h3><span style=\"color: #62aeff;\">peste 100 de comunicari orale la manifestari din tara si strainatate<\/span><\/h3>\n<p> [\/vc_column_text][\/vc_column][\/vc_row][vc_row css=&#8221;.vc_custom_1485502271088{margin-bottom: 5vw !important;}&#8221;][vc_column][\/vc_column][\/vc_row]<\/p>\n<\/div>","protected":false},"excerpt":{"rendered":"<p>[vc_row css=&#8221;.vc_custom_1485260870299{margin-bottom: 10vh !important;}&#8221;][vc_column][\/vc_column][\/vc_row][vc_row css=&#8221;.vc_custom_1485243696715{margin-bottom: 5vw !important;padding-bottom: 40px !important;}&#8221;][vc_column alignment=&#8221;center&#8221;][vc_single_image image=&#8221;5996&#8243; img_size=&#8221;&#8221; alignment=&#8221;center&#8221; css=&#8221;.vc_custom_1771063741379{margin-bottom: 0px !important;}&#8221;][vc_custom_heading text=&#8221;Medic primar Chirurgie generala Dr. Alexandru Rares Stoian&#8221; font_container=&#8221;tag:h2|font_size:46px|text_align:center|color:%23ffffff|line_height:53px&#8221;&#8230;<\/p>\n","protected":false},"author":1,"featured_media":0,"parent":0,"menu_order":0,"comment_status":"closed","ping_status":"closed","template":"","meta":{"content-type":"","footnotes":""},"class_list":["post-4459","page","type-page","status-publish","hentry"],"_links":{"self":[{"href":"https:\/\/chirurgiegenerala.ro\/index.php\/wp-json\/wp\/v2\/pages\/4459","targetHints":{"allow":["GET"]}}],"collection":[{"href":"https:\/\/chirurgiegenerala.ro\/index.php\/wp-json\/wp\/v2\/pages"}],"about":[{"href":"https:\/\/chirurgiegenerala.ro\/index.php\/wp-json\/wp\/v2\/types\/page"}],"author":[{"embeddable":true,"href":"https:\/\/chirurgiegenerala.ro\/index.php\/wp-json\/wp\/v2\/users\/1"}],"replies":[{"embeddable":true,"href":"https:\/\/chirurgiegenerala.ro\/index.php\/wp-json\/wp\/v2\/comments?post=4459"}],"version-history":[{"count":42,"href":"https:\/\/chirurgiegenerala.ro\/index.php\/wp-json\/wp\/v2\/pages\/4459\/revisions"}],"predecessor-version":[{"id":6071,"href":"https:\/\/chirurgiegenerala.ro\/index.php\/wp-json\/wp\/v2\/pages\/4459\/revisions\/6071"}],"wp:attachment":[{"href":"https:\/\/chirurgiegenerala.ro\/index.php\/wp-json\/wp\/v2\/media?parent=4459"}],"curies":[{"name":"wp","href":"https:\/\/api.w.org\/{rel}","templated":true}]}}